{"id":832,"date":"2024-09-02T22:07:18","date_gmt":"2024-09-02T20:07:18","guid":{"rendered":"https:\/\/www.cvsolutions.com.py\/?post_type=product&#038;p=832"},"modified":"2025-02-26T16:21:30","modified_gmt":"2025-02-26T15:21:30","slug":"speaker-jbl-charge-5-azul","status":"publish","type":"product","link":"https:\/\/www.cvsolutions.com.py\/?product=speaker-jbl-charge-5-azul","title":{"rendered":"SPEAKER JBL CHARGE 5 NEGRO &#8211; 1 A\u00d1O DE GARANT\u00cdA"},"content":{"rendered":"<h4>Potente sonido JBL Original Pro Disfruta de la incre\u00edble potencia del sonido JBL Original Pro. El JBL Charge 5 incorpora un driver optimizado de gran amplitud, un altavoz de agudos independiente y dos radiadores de graves JBL que te proporcionan un sonido intenso y n\u00edtido.<\/h4>\n","protected":false},"excerpt":{"rendered":"<p>Para ir a la piscina. Para ir al parque. El JBL Charge 5 es resistente al polvo y el agua conforme a la norma IP67 para que puedas llevar tu altavoz a cualquier parte.<\/p>\n<ul>\n<li>POTENCIA DE SALIDA, RMS: 40 Watt<\/li>\n<li>DRIVER DE GRAVES: 52 x 90 mm<\/li>\n<li>TWEETER DE C\u00daPULA: 20 mm<\/li>\n<li>RADIADORES DE BAJOS PASIVOS: 2 x 65mm<\/li>\n<li>RESPUESTA DE FRECUENCIA: 65 Hz &#8211; 20.000 Hz<\/li>\n<li>A PRUEBA DE AGUA: Resistente al polvo y el agua conforme a la norma IP67<\/li>\n<li>M\u00c1XIMO TIEMPO DE REPRODUCCI\u00d3N, HASTA: 20 Horas<\/li>\n<li>CABLE USB: USB-C<\/li>\n<li>CONECTE VARIOS ALTAVOCES A TRAV\u00c9S DE: JBL PartyBoost<\/li>\n<li>VERSI\u00d3N BLUETOOTH: v5.1<\/li>\n<li>DIMENSIONES (AN. X AL. X PR.): 223 x 97 x 94 mm<\/li>\n<\/ul>\n","protected":false},"featured_media":1303,"comment_status":"open","ping_status":"closed","template":"","meta":{"site-sidebar-layout":"default","site-content-layout":"","ast-site-content-layout":"default","site-content-style":"default","site-sidebar-style":"default","ast-global-header-display":"","ast-banner-title-visibility":"","ast-main-header-display":"","ast-hfb-above-header-display":"","ast-hfb-below-header-display":"","ast-hfb-mobile-header-display":"","site-post-title":"","ast-breadcrumbs-content":"","ast-featured-img":"","footer-sml-layout":"","theme-transparent-header-meta":"default","adv-header-id-meta":"","stick-header-meta":"","header-above-stick-meta":"","header-main-stick-meta":"","header-below-stick-meta":"","astra-migrate-meta-layouts":"set","ast-page-background-enabled":"default","ast-page-background-meta":{"desktop":{"background-color":"var(--ast-global-color-4)","background-image":"","background-repeat":"repeat","background-position":"center center","background-size":"auto","background-attachment":"scroll","background-type":"","background-media":"","overlay-type":"","overlay-color":"","overlay-opacity":"","overlay-gradient":""},"tablet":{"background-color":"","background-image":"","background-repeat":"repeat","background-position":"center center","background-size":"auto","background-attachment":"scroll","background-type":"","background-media":"","overlay-type":"","overlay-color":"","overlay-opacity":"","overlay-gradient":""},"mobile":{"background-color":"","background-image":"","background-repeat":"repeat","background-position":"center center","background-size":"auto","background-attachment":"scroll","background-type":"","background-media":"","overlay-type":"","overlay-color":"","overlay-opacity":"","overlay-gradient":""}},"ast-content-background-meta":{"desktop":{"background-color":"var(--ast-global-color-5)","background-image":"","background-repeat":"repeat","background-position":"center center","background-size":"auto","background-attachment":"scroll","background-type":"","background-media":"","overlay-type":"","overlay-color":"","overlay-opacity":"","overlay-gradient":""},"tablet":{"background-color":"var(--ast-global-color-5)","background-image":"","background-repeat":"repeat","background-position":"center center","background-size":"auto","background-attachment":"scroll","background-type":"","background-media":"","overlay-type":"","overlay-color":"","overlay-opacity":"","overlay-gradient":""},"mobile":{"background-color":"var(--ast-global-color-5)","background-image":"","background-repeat":"repeat","background-position":"center center","background-size":"auto","background-attachment":"scroll","background-type":"","background-media":"","overlay-type":"","overlay-color":"","overlay-opacity":"","overlay-gradient":""}}},"product_cat":[45],"product_tag":[],"_links":{"self":[{"href":"https:\/\/www.cvsolutions.com.py\/index.php?rest_route=\/wp\/v2\/product\/832"}],"collection":[{"href":"https:\/\/www.cvsolutions.com.py\/index.php?rest_route=\/wp\/v2\/product"}],"about":[{"href":"https:\/\/www.cvsolutions.com.py\/index.php?rest_route=\/wp\/v2\/types\/product"}],"replies":[{"embeddable":true,"href":"https:\/\/www.cvsolutions.com.py\/index.php?rest_route=%2Fwp%2Fv2%2Fcomments&post=832"}],"wp:featuredmedia":[{"embeddable":true,"href":"https:\/\/www.cvsolutions.com.py\/index.php?rest_route=\/wp\/v2\/media\/1303"}],"wp:attachment":[{"href":"https:\/\/www.cvsolutions.com.py\/index.php?rest_route=%2Fwp%2Fv2%2Fmedia&parent=832"}],"wp:term":[{"taxonomy":"product_cat","embeddable":true,"href":"https:\/\/www.cvsolutions.com.py\/index.php?rest_route=%2Fwp%2Fv2%2Fproduct_cat&post=832"},{"taxonomy":"product_tag","embeddable":true,"href":"https:\/\/www.cvsolutions.com.py\/index.php?rest_route=%2Fwp%2Fv2%2Fproduct_tag&post=832"}],"curies":[{"name":"wp","href":"https:\/\/api.w.org\/{rel}","templated":true}]}}